{"id":90,"date":"2024-02-12T10:16:56","date_gmt":"2024-02-12T09:16:56","guid":{"rendered":"https:\/\/ldm-makeupandhair.fr\/?page_id=90"},"modified":"2026-01-29T15:21:32","modified_gmt":"2026-01-29T14:21:32","slug":"a-propos","status":"publish","type":"page","link":"https:\/\/ldm-makeupandhair.fr\/en\/a-propos\/","title":{"rendered":"about"},"content":{"rendered":"<div data-elementor-type=\"wp-page\" data-elementor-id=\"90\" class=\"elementor elementor-90\" data-elementor-post-type=\"page\">\n\t\t\t\t<div class=\"elementor-element elementor-element-af966c0 e-flex e-con-boxed e-con e-parent\" data-id=\"af966c0\" data-element_type=\"container\" data-e-type=\"container\">\n\t\t\t\t\t<div class=\"e-con-inner\">\n\t\t\t\t<div class=\"elementor-element elementor-element-d0b2ec0 elementor-view-default elementor-widget elementor-widget-icon\" data-id=\"d0b2ec0\" data-element_type=\"widget\" data-e-type=\"widget\" data-widget_type=\"icon.default\">\n\t\t\t\t<div class=\"elementor-widget-container\">\n\t\t\t\t\t\t\t<div class=\"elementor-icon-wrapper\">\n\t\t\t<div class=\"elementor-icon\">\n\t\t\t<svg aria-hidden=\"true\" class=\"e-font-icon-svg e-fas-quote-left\" viewbox=\"0 0 512 512\" xmlns=\"http:\/\/www.w3.org\/2000\/svg\"><path d=\"M464 256h-80v-64c0-35.3 28.7-64 64-64h8c13.3 0 24-10.7 24-24V56c0-13.3-10.7-24-24-24h-8c-88.4 0-160 71.6-160 160v240c0 26.5 21.5 48 48 48h128c26.5 0 48-21.5 48-48V304c0-26.5-21.5-48-48-48zm-288 0H96v-64c0-35.3 28.7-64 64-64h8c13.3 0 24-10.7 24-24V56c0-13.3-10.7-24-24-24h-8C71.6 32 0 103.6 0 192v240c0 26.5 21.5 48 48 48h128c26.5 0 48-21.5 48-48V304c0-26.5-21.5-48-48-48z\"><\/path><\/svg>\t\t\t<\/div>\n\t\t<\/div>\n\t\t\t\t\t\t<\/div>\n\t\t\t\t<\/div>\n\t\t\t\t\t<\/div>\n\t\t\t\t<\/div>\n\t\t<div class=\"elementor-element elementor-element-f3bbbde e-flex e-con-boxed e-con e-parent\" data-id=\"f3bbbde\" data-element_type=\"container\" data-e-type=\"container\">\n\t\t\t\t\t<div class=\"e-con-inner\">\n\t\t\t\t<div class=\"elementor-element elementor-element-4b00d8b elementor-widget elementor-widget-text-editor\" data-id=\"4b00d8b\" data-element_type=\"widget\" data-e-type=\"widget\" data-widget_type=\"text-editor.default\">\n\t\t\t\t<div class=\"elementor-widget-container\">\n\t\t\t\t\t\t\t\t\t<p>The beautification of a wedding is the art of sublimating what is already unique.<\/p>\t\t\t\t\t\t\t\t<\/div>\n\t\t\t\t<\/div>\n\t\t\t\t\t<\/div>\n\t\t\t\t<\/div>\n\t\t<div class=\"elementor-element elementor-element-44850b4f e-con-full e-flex e-con e-parent\" data-id=\"44850b4f\" data-element_type=\"container\" data-e-type=\"container\" data-settings=\"{&quot;background_background&quot;:&quot;classic&quot;}\">\n\t\t<div class=\"elementor-element elementor-element-537c6905 e-con-full e-flex e-con e-child\" data-id=\"537c6905\" data-element_type=\"container\" data-e-type=\"container\" data-settings=\"{&quot;background_background&quot;:&quot;classic&quot;}\">\n\t\t\t\t<div class=\"elementor-element elementor-element-53e2d567 elementor-invisible elementor-widget elementor-widget-image\" data-id=\"53e2d567\" data-element_type=\"widget\" data-e-type=\"widget\" data-settings=\"{&quot;_animation&quot;:&quot;fadeIn&quot;}\" data-widget_type=\"image.default\">\n\t\t\t\t<div class=\"elementor-widget-container\">\n\t\t\t\t\t\t\t\t\t\t\t\t\t\t\t<img fetchpriority=\"high\" decoding=\"async\" width=\"1067\" height=\"1600\" src=\"https:\/\/ldm-makeupandhair.fr\/wp-content\/uploads\/2025\/12\/hollywood-waves-bridal-hair-provence-wedding.jpg\" class=\"attachment-full size-full wp-image-591\" alt=\"Hollywood waves bridal hair for a luxury destination wedding\" srcset=\"https:\/\/ldm-makeupandhair.fr\/wp-content\/uploads\/2025\/12\/hollywood-waves-bridal-hair-provence-wedding.jpg 1067w, https:\/\/ldm-makeupandhair.fr\/wp-content\/uploads\/2025\/12\/hollywood-waves-bridal-hair-provence-wedding-200x300.jpg 200w, https:\/\/ldm-makeupandhair.fr\/wp-content\/uploads\/2025\/12\/hollywood-waves-bridal-hair-provence-wedding-683x1024.jpg 683w, https:\/\/ldm-makeupandhair.fr\/wp-content\/uploads\/2025\/12\/hollywood-waves-bridal-hair-provence-wedding-768x1152.jpg 768w, https:\/\/ldm-makeupandhair.fr\/wp-content\/uploads\/2025\/12\/hollywood-waves-bridal-hair-provence-wedding-1024x1536.jpg 1024w, https:\/\/ldm-makeupandhair.fr\/wp-content\/uploads\/2025\/12\/hollywood-waves-bridal-hair-provence-wedding-8x12.jpg 8w\" sizes=\"(max-width: 1067px) 100vw, 1067px\" \/>\t\t\t\t\t\t\t\t\t\t\t\t\t\t\t<\/div>\n\t\t\t\t<\/div>\n\t\t\t\t<\/div>\n\t\t<div class=\"elementor-element elementor-element-2513b2f e-con-full e-flex e-con e-child\" data-id=\"2513b2f\" data-element_type=\"container\" data-e-type=\"container\" data-settings=\"{&quot;background_background&quot;:&quot;gradient&quot;}\">\n\t\t\t\t<div class=\"elementor-element elementor-element-599ee05 elementor-widget-divider--view-line elementor-widget elementor-widget-divider\" data-id=\"599ee05\" data-element_type=\"widget\" data-e-type=\"widget\" data-widget_type=\"divider.default\">\n\t\t\t\t<div class=\"elementor-widget-container\">\n\t\t\t\t\t\t\t<div class=\"elementor-divider\">\n\t\t\t<span class=\"elementor-divider-separator\">\n\t\t\t\t\t\t<\/span>\n\t\t<\/div>\n\t\t\t\t\t\t<\/div>\n\t\t\t\t<\/div>\n\t\t\t\t<div class=\"elementor-element elementor-element-4daf6c43 elementor-invisible elementor-widget elementor-widget-heading\" data-id=\"4daf6c43\" data-element_type=\"widget\" data-e-type=\"widget\" data-settings=\"{&quot;_animation&quot;:&quot;fadeIn&quot;}\" data-widget_type=\"heading.default\">\n\t\t\t\t<div class=\"elementor-widget-container\">\n\t\t\t\t\t<h1 class=\"elementor-heading-title elementor-size-default\">Wedding hairdresser &amp; makeup artist <\/h1>\t\t\t\t<\/div>\n\t\t\t\t<\/div>\n\t\t\t\t<div class=\"elementor-element elementor-element-6cf19ef elementor-widget elementor-widget-heading\" data-id=\"6cf19ef\" data-element_type=\"widget\" data-e-type=\"widget\" data-widget_type=\"heading.default\">\n\t\t\t\t<div class=\"elementor-widget-container\">\n\t\t\t\t\t<h2 class=\"elementor-heading-title elementor-size-default\">An elegant, natural and tailor-made beauty<\/h2>\t\t\t\t<\/div>\n\t\t\t\t<\/div>\n\t\t\t\t<div class=\"elementor-element elementor-element-2fc3393 elementor-widget elementor-widget-text-editor\" data-id=\"2fc3393\" data-element_type=\"widget\" data-e-type=\"widget\" data-widget_type=\"text-editor.default\">\n\t\t\t\t<div class=\"elementor-widget-container\">\n\t\t\t\t\t\t\t\t\t<p class=\"p1\">Sublimate without transforming.<\/p><p class=\"p1\">I am Manon, hairdresser and makeup artist specialized in weddings and events.<\/p><p class=\"p1\">I accompany the bride-to-be in the creation of an elegant, natural or soft glam beauty, designed to reveal their personality and allow them to feel fully confident on D-day.<\/p><p class=\"p1\">From more than 15 years of experience in hairdressing, I chose to specialize in events, a universe where the bun, structure and shaping have become my privileged field of expression. Make-up has completed this approach, in order to offer a global, coherent and perfectly controlled beauty, where every detail has its importance.<\/p>\t\t\t\t\t\t\t\t<\/div>\n\t\t\t\t<\/div>\n\t\t\t\t<div class=\"elementor-element elementor-element-86dbc76 elementor-widget elementor-widget-button\" data-id=\"86dbc76\" data-element_type=\"widget\" data-e-type=\"widget\" data-widget_type=\"button.default\">\n\t\t\t\t<div class=\"elementor-widget-container\">\n\t\t\t\t\t\t\t\t\t<div class=\"elementor-button-wrapper\">\n\t\t\t\t\t<a class=\"elementor-button elementor-button-link elementor-size-sm\" href=\"https:\/\/ldm-makeupandhair.fr\/en\/prestation\/\" target=\"_blank\">\n\t\t\t\t\t\t<span class=\"elementor-button-content-wrapper\">\n\t\t\t\t\t\t\t\t\t<span class=\"elementor-button-text\">See my benefits<\/span>\n\t\t\t\t\t<\/span>\n\t\t\t\t\t<\/a>\n\t\t\t\t<\/div>\n\t\t\t\t\t\t\t\t<\/div>\n\t\t\t\t<\/div>\n\t\t\t\t<\/div>\n\t\t\t\t<\/div>\n\t\t<div class=\"elementor-element elementor-element-0427df8 e-flex e-con-boxed e-con e-parent\" data-id=\"0427df8\" data-element_type=\"container\" data-e-type=\"container\">\n\t\t\t\t\t<div class=\"e-con-inner\">\n\t\t\t\t<div class=\"elementor-element elementor-element-22a2dac elementor-widget-divider--view-line elementor-widget elementor-widget-divider\" data-id=\"22a2dac\" data-element_type=\"widget\" data-e-type=\"widget\" data-widget_type=\"divider.default\">\n\t\t\t\t<div class=\"elementor-widget-container\">\n\t\t\t\t\t\t\t<div class=\"elementor-divider\">\n\t\t\t<span class=\"elementor-divider-separator\">\n\t\t\t\t\t\t<\/span>\n\t\t<\/div>\n\t\t\t\t\t\t<\/div>\n\t\t\t\t<\/div>\n\t\t\t\t\t<\/div>\n\t\t\t\t<\/div>\n\t\t<div class=\"elementor-element elementor-element-2182cc0 e-flex e-con-boxed e-con e-parent\" data-id=\"2182cc0\" data-element_type=\"container\" data-e-type=\"container\">\n\t\t\t\t\t<div class=\"e-con-inner\">\n\t\t\t\t\t<\/div>\n\t\t\t\t<\/div>\n\t\t<div class=\"elementor-element elementor-element-b1472cc e-con-full e-flex e-con e-parent\" data-id=\"b1472cc\" data-element_type=\"container\" data-e-type=\"container\">\n\t\t<div class=\"elementor-element elementor-element-4da3739 e-con-full e-flex e-con e-child\" data-id=\"4da3739\" data-element_type=\"container\" data-e-type=\"container\" data-settings=\"{&quot;background_background&quot;:&quot;classic&quot;}\">\n\t\t<div class=\"elementor-element elementor-element-8b0a059 e-con-full e-flex e-con e-child\" data-id=\"8b0a059\" data-element_type=\"container\" data-e-type=\"container\">\n\t\t\t\t<div class=\"elementor-element elementor-element-240c48f elementor-widget elementor-widget-image\" data-id=\"240c48f\" data-element_type=\"widget\" data-e-type=\"widget\" data-widget_type=\"image.default\">\n\t\t\t\t<div class=\"elementor-widget-container\">\n\t\t\t\t\t\t\t\t\t\t\t\t\t\t\t<img decoding=\"async\" width=\"683\" height=\"1024\" src=\"https:\/\/ldm-makeupandhair.fr\/wp-content\/uploads\/2026\/01\/modern-bridal-bun-wedding-hair-provence-683x1024.jpg\" class=\"attachment-large size-large wp-image-767\" alt=\"Romantic bridal hairstyle with American waves in Provence\" srcset=\"https:\/\/ldm-makeupandhair.fr\/wp-content\/uploads\/2026\/01\/modern-bridal-bun-wedding-hair-provence-683x1024.jpg 683w, https:\/\/ldm-makeupandhair.fr\/wp-content\/uploads\/2026\/01\/modern-bridal-bun-wedding-hair-provence-200x300.jpg 200w, https:\/\/ldm-makeupandhair.fr\/wp-content\/uploads\/2026\/01\/modern-bridal-bun-wedding-hair-provence-768x1152.jpg 768w, https:\/\/ldm-makeupandhair.fr\/wp-content\/uploads\/2026\/01\/modern-bridal-bun-wedding-hair-provence-1024x1536.jpg 1024w, https:\/\/ldm-makeupandhair.fr\/wp-content\/uploads\/2026\/01\/modern-bridal-bun-wedding-hair-provence-8x12.jpg 8w, https:\/\/ldm-makeupandhair.fr\/wp-content\/uploads\/2026\/01\/modern-bridal-bun-wedding-hair-provence.jpg 1067w\" sizes=\"(max-width: 683px) 100vw, 683px\" \/>\t\t\t\t\t\t\t\t\t\t\t\t\t\t\t<\/div>\n\t\t\t\t<\/div>\n\t\t\t\t<\/div>\n\t\t\t\t<\/div>\n\t\t<div class=\"elementor-element elementor-element-e42fba6 e-con-full e-flex e-con e-child\" data-id=\"e42fba6\" data-element_type=\"container\" data-e-type=\"container\" data-settings=\"{&quot;background_background&quot;:&quot;slideshow&quot;,&quot;background_slideshow_gallery&quot;:[],&quot;background_slideshow_loop&quot;:&quot;yes&quot;,&quot;background_slideshow_slide_duration&quot;:5000,&quot;background_slideshow_slide_transition&quot;:&quot;fade&quot;,&quot;background_slideshow_transition_duration&quot;:500}\">\n\t\t\t\t<div class=\"elementor-element elementor-element-be537c9 elementor-widget-divider--view-line elementor-widget elementor-widget-divider\" data-id=\"be537c9\" data-element_type=\"widget\" data-e-type=\"widget\" data-widget_type=\"divider.default\">\n\t\t\t\t<div class=\"elementor-widget-container\">\n\t\t\t\t\t\t\t<div class=\"elementor-divider\">\n\t\t\t<span class=\"elementor-divider-separator\">\n\t\t\t\t\t\t<\/span>\n\t\t<\/div>\n\t\t\t\t\t\t<\/div>\n\t\t\t\t<\/div>\n\t\t\t\t<div class=\"elementor-element elementor-element-223c26b elementor-invisible elementor-widget elementor-widget-heading\" data-id=\"223c26b\" data-element_type=\"widget\" data-e-type=\"widget\" data-settings=\"{&quot;_animation&quot;:&quot;fadeIn&quot;}\" data-widget_type=\"heading.default\">\n\t\t\t\t<div class=\"elementor-widget-container\">\n\t\t\t\t\t<h1 class=\"elementor-heading-title elementor-size-default\">When the makeup is light and the emotion is great, the beauty is obvious.<\/h1>\t\t\t\t<\/div>\n\t\t\t\t<\/div>\n\t\t\t\t<div class=\"elementor-element elementor-element-71494d6 elementor-widget elementor-widget-heading\" data-id=\"71494d6\" data-element_type=\"widget\" data-e-type=\"widget\" data-widget_type=\"heading.default\">\n\t\t\t\t<div class=\"elementor-widget-container\">\n\t\t\t\t\t<h2 class=\"elementor-heading-title elementor-size-default\">My visions for your beauty during your wedding<\/h2>\t\t\t\t<\/div>\n\t\t\t\t<\/div>\n\t\t\t\t<div class=\"elementor-element elementor-element-77e5aa4 elementor-widget elementor-widget-text-editor\" data-id=\"77e5aa4\" data-element_type=\"widget\" data-e-type=\"widget\" data-widget_type=\"text-editor.default\">\n\t\t\t\t<div class=\"elementor-widget-container\">\n\t\t\t\t\t\t\t\t\t<p class=\"p1\">For me, a successful beautification is based on balance, accuracy and listening.<\/p><p class=\"p1\">Thanks to my expertise in colorimetry, each shade is chosen according to your complexion, your natural colors and your entire look, in order to illuminate the face with subtlety, without ever transforming it.<\/p><p class=\"p1\">Calm, reassuring and organized, I accompany you with attention and precision, from the trial to the wedding day. I take the time to advise you, to anticipate each step and to structure your preparation so that everything runs smoothly and serenely.<\/p><p class=\"p1\">Today, I also transmit my know-how by training other hairdressers and makeup artists in the world of events, in a demanding, human and resolutely current approach.<\/p>\t\t\t\t\t\t\t\t<\/div>\n\t\t\t\t<\/div>\n\t\t\t\t<div class=\"elementor-element elementor-element-50c390a elementor-widget elementor-widget-button\" data-id=\"50c390a\" data-element_type=\"widget\" data-e-type=\"widget\" data-widget_type=\"button.default\">\n\t\t\t\t<div class=\"elementor-widget-container\">\n\t\t\t\t\t\t\t\t\t<div class=\"elementor-button-wrapper\">\n\t\t\t\t\t<a class=\"elementor-button elementor-button-link elementor-size-sm\" href=\"https:\/\/ldm-makeupandhair.fr\/en\/portfolio\/\" target=\"_blank\">\n\t\t\t\t\t\t<span class=\"elementor-button-content-wrapper\">\n\t\t\t\t\t\t\t\t\t<span class=\"elementor-button-text\">SEE MY ACHIEVEMENTS<\/span>\n\t\t\t\t\t<\/span>\n\t\t\t\t\t<\/a>\n\t\t\t\t<\/div>\n\t\t\t\t\t\t\t\t<\/div>\n\t\t\t\t<\/div>\n\t\t\t\t<\/div>\n\t\t\t\t<\/div>\n\t\t\t\t<\/div>","protected":false},"excerpt":{"rendered":"<p>La mise en beaut\u00e9 d\u2019un mariage, c\u2019est l\u2019art de sublimer ce qui est d\u00e9j\u00e0 unique. Coiffeuse &amp; maquilleuse mariage Une mise en beaut\u00e9 \u00e9l\u00e9gante, naturelle et sur mesure Sublimer sans transformer. Je suis Manon, coiffeuse et maquilleuse sp\u00e9cialis\u00e9e dans le mariage et l\u2019\u00e9v\u00e9nementiel. J\u2019accompagne les futures mari\u00e9es dans la cr\u00e9ation d\u2019une mise en beaut\u00e9 \u00e9l\u00e9gante, [&hellip;]<\/p>\n","protected":false},"author":1,"featured_media":0,"parent":0,"menu_order":0,"comment_status":"closed","ping_status":"closed","template":"","meta":{"footnotes":""},"class_list":["post-90","page","type-page","status-publish","hentry"],"yoast_head":"<!-- This site is optimized with the Yoast SEO plugin v27.2 - https:\/\/yoast.com\/product\/yoast-seo-wordpress\/ -->\n<title>a propos - ldm-makeupandhair.fr<\/title>\n<meta name=\"description\" content=\"Chignons \u00e9l\u00e9gants, coiffures modernes et maquillage naturel : d\u00e9couvrez l\u2019univers de Manon, maquilleuse et coiffeuse de mariage.\" \/>\n<meta name=\"robots\" content=\"index, follow, max-snippet:-1, max-image-preview:large, max-video-preview:-1\" \/>\n<link rel=\"canonical\" href=\"https:\/\/ldm-makeupandhair.fr\/en\/a-propos\/\" \/>\n<meta property=\"og:locale\" content=\"en_US\" \/>\n<meta property=\"og:type\" content=\"article\" \/>\n<meta property=\"og:title\" content=\"a propos - ldm-makeupandhair.fr\" \/>\n<meta property=\"og:description\" content=\"Chignons \u00e9l\u00e9gants, coiffures modernes et maquillage naturel : d\u00e9couvrez l\u2019univers de Manon, maquilleuse et coiffeuse de mariage.\" \/>\n<meta property=\"og:url\" content=\"https:\/\/ldm-makeupandhair.fr\/en\/a-propos\/\" \/>\n<meta property=\"og:site_name\" content=\"ldm-makeupandhair.fr\" \/>\n<meta property=\"article:publisher\" content=\"https:\/\/www.facebook.com\/crouzetmanon\/\" \/>\n<meta property=\"article:modified_time\" content=\"2026-01-29T14:21:32+00:00\" \/>\n<meta property=\"og:image\" content=\"https:\/\/ldm-makeupandhair.fr\/wp-content\/uploads\/2025\/12\/hollywood-waves-bridal-hair-provence-wedding.jpg\" \/>\n\t<meta property=\"og:image:width\" content=\"1067\" \/>\n\t<meta property=\"og:image:height\" content=\"1600\" \/>\n\t<meta property=\"og:image:type\" content=\"image\/jpeg\" \/>\n<meta name=\"twitter:card\" content=\"summary_large_image\" \/>\n<meta name=\"twitter:label1\" content=\"Est. reading time\" \/>\n\t<meta name=\"twitter:data1\" content=\"2 minutes\" \/>\n<script type=\"application\/ld+json\" class=\"yoast-schema-graph\">{\"@context\":\"https:\/\/schema.org\",\"@graph\":[{\"@type\":\"WebPage\",\"@id\":\"https:\/\/ldm-makeupandhair.fr\/a-propos\/\",\"url\":\"https:\/\/ldm-makeupandhair.fr\/a-propos\/\",\"name\":\"a propos - ldm-makeupandhair.fr\",\"isPartOf\":{\"@id\":\"https:\/\/ldm-makeupandhair.fr\/#website\"},\"primaryImageOfPage\":{\"@id\":\"https:\/\/ldm-makeupandhair.fr\/a-propos\/#primaryimage\"},\"image\":{\"@id\":\"https:\/\/ldm-makeupandhair.fr\/a-propos\/#primaryimage\"},\"thumbnailUrl\":\"http:\/\/ldm-makeupandhair.fr\/wp-content\/uploads\/2025\/12\/hollywood-waves-bridal-hair-provence-wedding.jpg\",\"datePublished\":\"2024-02-12T09:16:56+00:00\",\"dateModified\":\"2026-01-29T14:21:32+00:00\",\"description\":\"Chignons \u00e9l\u00e9gants, coiffures modernes et maquillage naturel : d\u00e9couvrez l\u2019univers de Manon, maquilleuse et coiffeuse de mariage.\",\"breadcrumb\":{\"@id\":\"https:\/\/ldm-makeupandhair.fr\/a-propos\/#breadcrumb\"},\"inLanguage\":\"en-US\",\"potentialAction\":[{\"@type\":\"ReadAction\",\"target\":[\"https:\/\/ldm-makeupandhair.fr\/a-propos\/\"]}]},{\"@type\":\"ImageObject\",\"inLanguage\":\"en-US\",\"@id\":\"https:\/\/ldm-makeupandhair.fr\/a-propos\/#primaryimage\",\"url\":\"http:\/\/ldm-makeupandhair.fr\/wp-content\/uploads\/2025\/12\/hollywood-waves-bridal-hair-provence-wedding.jpg\",\"contentUrl\":\"http:\/\/ldm-makeupandhair.fr\/wp-content\/uploads\/2025\/12\/hollywood-waves-bridal-hair-provence-wedding.jpg\"},{\"@type\":\"BreadcrumbList\",\"@id\":\"https:\/\/ldm-makeupandhair.fr\/a-propos\/#breadcrumb\",\"itemListElement\":[{\"@type\":\"ListItem\",\"position\":1,\"name\":\"Accueil\",\"item\":\"https:\/\/ldm-makeupandhair.fr\/\"},{\"@type\":\"ListItem\",\"position\":2,\"name\":\"a propos\"}]},{\"@type\":\"WebSite\",\"@id\":\"https:\/\/ldm-makeupandhair.fr\/#website\",\"url\":\"https:\/\/ldm-makeupandhair.fr\/\",\"name\":\"ldm-makeupandhair.fr\",\"description\":\"\",\"publisher\":{\"@id\":\"https:\/\/ldm-makeupandhair.fr\/#organization\"},\"potentialAction\":[{\"@type\":\"SearchAction\",\"target\":{\"@type\":\"EntryPoint\",\"urlTemplate\":\"https:\/\/ldm-makeupandhair.fr\/?s={search_term_string}\"},\"query-input\":{\"@type\":\"PropertyValueSpecification\",\"valueRequired\":true,\"valueName\":\"search_term_string\"}}],\"inLanguage\":\"en-US\"},{\"@type\":\"Organization\",\"@id\":\"https:\/\/ldm-makeupandhair.fr\/#organization\",\"name\":\"ldm-makeupandhair.fr\",\"url\":\"https:\/\/ldm-makeupandhair.fr\/\",\"logo\":{\"@type\":\"ImageObject\",\"inLanguage\":\"en-US\",\"@id\":\"https:\/\/ldm-makeupandhair.fr\/#\/schema\/logo\/image\/\",\"url\":\"https:\/\/ldm-makeupandhair.fr\/wp-content\/uploads\/2024\/02\/Design-sans-titre-4.png\",\"contentUrl\":\"https:\/\/ldm-makeupandhair.fr\/wp-content\/uploads\/2024\/02\/Design-sans-titre-4.png\",\"width\":500,\"height\":500,\"caption\":\"ldm-makeupandhair.fr\"},\"image\":{\"@id\":\"https:\/\/ldm-makeupandhair.fr\/#\/schema\/logo\/image\/\"},\"sameAs\":[\"https:\/\/www.facebook.com\/crouzetmanon\/\",\"https:\/\/www.instagram.com\/lunivers_de_manon\/?hl=fr\",\"https:\/\/pin.it\/2zCWrgQJo\",\"https:\/\/www.linkedin.com\/in\/manon-crouzet-0248182b1\/\"]}]}<\/script>\n<!-- \/ Yoast SEO plugin. -->","yoast_head_json":{"title":"a propos - ldm-makeupandhair.fr","description":"Chignons \u00e9l\u00e9gants, coiffures modernes et maquillage naturel : d\u00e9couvrez l\u2019univers de Manon, maquilleuse et coiffeuse de mariage.","robots":{"index":"index","follow":"follow","max-snippet":"max-snippet:-1","max-image-preview":"max-image-preview:large","max-video-preview":"max-video-preview:-1"},"canonical":"https:\/\/ldm-makeupandhair.fr\/en\/a-propos\/","og_locale":"en_US","og_type":"article","og_title":"a propos - ldm-makeupandhair.fr","og_description":"Chignons \u00e9l\u00e9gants, coiffures modernes et maquillage naturel : d\u00e9couvrez l\u2019univers de Manon, maquilleuse et coiffeuse de mariage.","og_url":"https:\/\/ldm-makeupandhair.fr\/en\/a-propos\/","og_site_name":"ldm-makeupandhair.fr","article_publisher":"https:\/\/www.facebook.com\/crouzetmanon\/","article_modified_time":"2026-01-29T14:21:32+00:00","og_image":[{"width":1067,"height":1600,"url":"https:\/\/ldm-makeupandhair.fr\/wp-content\/uploads\/2025\/12\/hollywood-waves-bridal-hair-provence-wedding.jpg","type":"image\/jpeg"}],"twitter_card":"summary_large_image","twitter_misc":{"Est. reading time":"2 minutes"},"schema":{"@context":"https:\/\/schema.org","@graph":[{"@type":"WebPage","@id":"https:\/\/ldm-makeupandhair.fr\/a-propos\/","url":"https:\/\/ldm-makeupandhair.fr\/a-propos\/","name":"a propos - ldm-makeupandhair.fr","isPartOf":{"@id":"https:\/\/ldm-makeupandhair.fr\/#website"},"primaryImageOfPage":{"@id":"https:\/\/ldm-makeupandhair.fr\/a-propos\/#primaryimage"},"image":{"@id":"https:\/\/ldm-makeupandhair.fr\/a-propos\/#primaryimage"},"thumbnailUrl":"http:\/\/ldm-makeupandhair.fr\/wp-content\/uploads\/2025\/12\/hollywood-waves-bridal-hair-provence-wedding.jpg","datePublished":"2024-02-12T09:16:56+00:00","dateModified":"2026-01-29T14:21:32+00:00","description":"Chignons \u00e9l\u00e9gants, coiffures modernes et maquillage naturel : d\u00e9couvrez l\u2019univers de Manon, maquilleuse et coiffeuse de mariage.","breadcrumb":{"@id":"https:\/\/ldm-makeupandhair.fr\/a-propos\/#breadcrumb"},"inLanguage":"en-US","potentialAction":[{"@type":"ReadAction","target":["https:\/\/ldm-makeupandhair.fr\/a-propos\/"]}]},{"@type":"ImageObject","inLanguage":"en-US","@id":"https:\/\/ldm-makeupandhair.fr\/a-propos\/#primaryimage","url":"http:\/\/ldm-makeupandhair.fr\/wp-content\/uploads\/2025\/12\/hollywood-waves-bridal-hair-provence-wedding.jpg","contentUrl":"http:\/\/ldm-makeupandhair.fr\/wp-content\/uploads\/2025\/12\/hollywood-waves-bridal-hair-provence-wedding.jpg"},{"@type":"BreadcrumbList","@id":"https:\/\/ldm-makeupandhair.fr\/a-propos\/#breadcrumb","itemListElement":[{"@type":"ListItem","position":1,"name":"Accueil","item":"https:\/\/ldm-makeupandhair.fr\/"},{"@type":"ListItem","position":2,"name":"a propos"}]},{"@type":"WebSite","@id":"https:\/\/ldm-makeupandhair.fr\/#website","url":"https:\/\/ldm-makeupandhair.fr\/","name":"ldm-makeupandhair.fr","description":"","publisher":{"@id":"https:\/\/ldm-makeupandhair.fr\/#organization"},"potentialAction":[{"@type":"SearchAction","target":{"@type":"EntryPoint","urlTemplate":"https:\/\/ldm-makeupandhair.fr\/?s={search_term_string}"},"query-input":{"@type":"PropertyValueSpecification","valueRequired":true,"valueName":"search_term_string"}}],"inLanguage":"en-US"},{"@type":"Organization","@id":"https:\/\/ldm-makeupandhair.fr\/#organization","name":"ldm-makeupandhair.fr","url":"https:\/\/ldm-makeupandhair.fr\/","logo":{"@type":"ImageObject","inLanguage":"en-US","@id":"https:\/\/ldm-makeupandhair.fr\/#\/schema\/logo\/image\/","url":"https:\/\/ldm-makeupandhair.fr\/wp-content\/uploads\/2024\/02\/Design-sans-titre-4.png","contentUrl":"https:\/\/ldm-makeupandhair.fr\/wp-content\/uploads\/2024\/02\/Design-sans-titre-4.png","width":500,"height":500,"caption":"ldm-makeupandhair.fr"},"image":{"@id":"https:\/\/ldm-makeupandhair.fr\/#\/schema\/logo\/image\/"},"sameAs":["https:\/\/www.facebook.com\/crouzetmanon\/","https:\/\/www.instagram.com\/lunivers_de_manon\/?hl=fr","https:\/\/pin.it\/2zCWrgQJo","https:\/\/www.linkedin.com\/in\/manon-crouzet-0248182b1\/"]}]}},"_links":{"self":[{"href":"https:\/\/ldm-makeupandhair.fr\/en\/wp-json\/wp\/v2\/pages\/90","targetHints":{"allow":["GET"]}}],"collection":[{"href":"https:\/\/ldm-makeupandhair.fr\/en\/wp-json\/wp\/v2\/pages"}],"about":[{"href":"https:\/\/ldm-makeupandhair.fr\/en\/wp-json\/wp\/v2\/types\/page"}],"author":[{"embeddable":true,"href":"https:\/\/ldm-makeupandhair.fr\/en\/wp-json\/wp\/v2\/users\/1"}],"replies":[{"embeddable":true,"href":"https:\/\/ldm-makeupandhair.fr\/en\/wp-json\/wp\/v2\/comments?post=90"}],"version-history":[{"count":59,"href":"https:\/\/ldm-makeupandhair.fr\/en\/wp-json\/wp\/v2\/pages\/90\/revisions"}],"predecessor-version":[{"id":960,"href":"https:\/\/ldm-makeupandhair.fr\/en\/wp-json\/wp\/v2\/pages\/90\/revisions\/960"}],"wp:attachment":[{"href":"https:\/\/ldm-makeupandhair.fr\/en\/wp-json\/wp\/v2\/media?parent=90"}],"curies":[{"name":"wp","href":"https:\/\/api.w.org\/{rel}","templated":true}]}}